{"id":343,"date":"2025-02-26T09:43:22","date_gmt":"2025-02-26T08:43:22","guid":{"rendered":"https:\/\/adeline-proquin-naturopathe.fr\/?page_id=343"},"modified":"2025-11-27T15:24:15","modified_gmt":"2025-11-27T14:24:15","slug":"adeline-proquin-naturopathe-niort-2","status":"publish","type":"page","link":"https:\/\/adeline-proquin-naturopathe.fr\/index.php\/adeline-proquin-naturopathe-niort-2\/","title":{"rendered":"Qui suis-je ?"},"content":{"rendered":"<p>[et_pb_section fb_built=\u00a0\u00bb1&Prime; fullwidth=\u00a0\u00bbon\u00a0\u00bb theme_builder_area=\u00a0\u00bbpost_content\u00a0\u00bb _builder_version=\u00a0\u00bb4.27.4&Prime; _module_preset=\u00a0\u00bbdefault\u00a0\u00bb][et_pb_fullwidth_header title=\u00a0\u00bbSe lib\u00e9rer du stress chronique, de la fatigue et des troubles du sommeil. Retrouver \u00e9nergie, \u00e9quilibre et bien-\u00eatre\u00a0\u00bb logo_image_url=\u00a0\u00bbhttps:\/\/adeline-proquin-naturopathe.fr\/wp-content\/uploads\/2025\/11\/Logo-fond-blanc.jpg\u00a0\u00bb subhead_last_edited=\u00a0\u00bboff|desktop\u00a0\u00bb content_last_edited=\u00a0\u00bboff|desktop\u00a0\u00bb _builder_version=\u00a0\u00bb4.27.4&Prime; _module_preset=\u00a0\u00bbdefault\u00a0\u00bb title_font=\u00a0\u00bb|||||on|||\u00a0\u00bb title_text_align=\u00a0\u00bbcenter\u00a0\u00bb title_text_color=\u00a0\u00bb#C4698F\u00a0\u00bb title_font_size=\u00a0\u00bb42px\u00a0\u00bb title_line_height=\u00a0\u00bb1.1em\u00a0\u00bb content_text_color=\u00a0\u00bb#4C4A55&Prime; content_font_size=\u00a0\u00bb18px\u00a0\u00bb subhead_font=\u00a0\u00bb||||||||\u00a0\u00bb subhead_text_align=\u00a0\u00bbright\u00a0\u00bb subhead_text_color=\u00a0\u00bb#C4698F\u00a0\u00bb subhead_font_size=\u00a0\u00bb23px\u00a0\u00bb background_color=\u00a0\u00bbrgba(76,74,85,0.6)\u00a0\u00bb use_background_color_gradient=\u00a0\u00bbon\u00a0\u00bb background_color_gradient_direction=\u00a0\u00bb90deg\u00a0\u00bb background_color_gradient_stops=\u00a0\u00bb#ffffff 0%|rgba(255,255,255,0.54) 100%\u00a0\u00bb background_color_gradient_start=\u00a0\u00bb#ffffff\u00a0\u00bb background_color_gradient_end=\u00a0\u00bbrgba(255,255,255,0.54)\u00a0\u00bb background_enable_image=\u00a0\u00bboff\u00a0\u00bb background_size=\u00a0\u00bbinitial\u00a0\u00bb background_position=\u00a0\u00bbtop_left\u00a0\u00bb background_layout=\u00a0\u00bblight\u00a0\u00bb min_height=\u00a0\u00bb674.7px\u00a0\u00bb custom_margin=\u00a0\u00bb||-277px||false|false\u00a0\u00bb custom_padding=\u00a0\u00bb197px||18px||false|false\u00a0\u00bb hover_enabled=\u00a0\u00bb0&Prime; title_font_size_tablet=\u00a0\u00bb\u00a0\u00bb title_font_size_phone=\u00a0\u00bb33px\u00a0\u00bb title_font_size_last_edited=\u00a0\u00bbon|desktop\u00a0\u00bb title_line_height_tablet=\u00a0\u00bb\u00a0\u00bb title_line_height_phone=\u00a0\u00bb1.2em\u00a0\u00bb title_line_height_last_edited=\u00a0\u00bbon|phone\u00a0\u00bb content_font_size_tablet=\u00a0\u00bb\u00a0\u00bb content_font_size_phone=\u00a0\u00bb14px\u00a0\u00bb content_font_size_last_edited=\u00a0\u00bbon|phone\u00a0\u00bb background_last_edited=\u00a0\u00bbon|phone\u00a0\u00bb background_image_phone=\u00a0\u00bbhttps:\/\/adeline-proquin-naturopathe.fr\/wp-content\/uploads\/2022\/06\/Landing-smartphone-v2.png\u00a0\u00bb background_enable_image_phone=\u00a0\u00bbon\u00a0\u00bb border_radii_image=\u00a0\u00bbon|100px|100px|100px|100px\u00a0\u00bb global_colors_info=\u00a0\u00bb{}\u00a0\u00bb theme_builder_area=\u00a0\u00bbpost_content\u00a0\u00bb sticky_enabled=\u00a0\u00bb0&Prime;]<\/p>\n<p style=\"text-align: justify;\"><span style=\"font-weight: 400;\"><\/span><\/p>\n<p>&nbsp;<\/p>\n<p>[\/et_pb_fullwidth_header][\/et_pb_section][et_pb_section fb_built=\u00a0\u00bb1&Prime; _builder_version=\u00a0\u00bb4.27.4&Prime; _module_preset=\u00a0\u00bbdefault\u00a0\u00bb background_color=\u00a0\u00bb#FBFCFA\u00a0\u00bb locked=\u00a0\u00bboff\u00a0\u00bb global_colors_info=\u00a0\u00bb{}\u00a0\u00bb][et_pb_row _builder_version=\u00a0\u00bb4.27.4&Prime; _module_preset=\u00a0\u00bbdefault\u00a0\u00bb global_colors_info=\u00a0\u00bb{}\u00a0\u00bb][et_pb_column type=\u00a0\u00bb4_4&Prime; _builder_version=\u00a0\u00bb4.27.4&Prime; _module_preset=\u00a0\u00bbdefault\u00a0\u00bb global_colors_info=\u00a0\u00bb{}\u00a0\u00bb][et_pb_text _builder_version=\u00a0\u00bb4.27.4&Prime; _module_preset=\u00a0\u00bbdefault\u00a0\u00bb text_text_color=\u00a0\u00bb#C4698F\u00a0\u00bb text_font_size=\u00a0\u00bb54px\u00a0\u00bb header_text_color=\u00a0\u00bb#C4698F\u00a0\u00bb header_font_size=\u00a0\u00bb50px\u00a0\u00bb hover_enabled=\u00a0\u00bb0&Prime; global_colors_info=\u00a0\u00bb{}\u00a0\u00bb header_2_text_color=\u00a0\u00bb#C4698F\u00a0\u00bb header_2_font_size=\u00a0\u00bb36px\u00a0\u00bb custom_margin=\u00a0\u00bb90px||||false|false\u00a0\u00bb sticky_enabled=\u00a0\u00bb0&Prime; header_2_font=\u00a0\u00bb|600|||||||\u00a0\u00bb]<\/p>\n<h2 style=\"text-align: center;\">Qui est Adeline PROQUIN &#8211; Naturopathe \u00e0 Niort ?<\/h2>\n<p>[\/et_pb_text][\/et_pb_column][\/et_pb_row][et_pb_row column_structure=\u00a0\u00bb2_5,3_5&Prime; _builder_version=\u00a0\u00bb4.27.4&Prime; _module_preset=\u00a0\u00bbdefault\u00a0\u00bb global_colors_info=\u00a0\u00bb{}\u00a0\u00bb][et_pb_column type=\u00a0\u00bb2_5&Prime; _builder_version=\u00a0\u00bb4.27.4&Prime; _module_preset=\u00a0\u00bbdefault\u00a0\u00bb global_colors_info=\u00a0\u00bb{}\u00a0\u00bb][et_pb_image src=\u00a0\u00bbhttps:\/\/adeline-proquin-naturopathe.fr\/wp-content\/uploads\/2025\/11\/Photo-profil.jpg\u00a0\u00bb title_text=\u00a0\u00bbfbt\u00a0\u00bb _builder_version=\u00a0\u00bb4.27.4&Prime; _module_preset=\u00a0\u00bbdefault\u00a0\u00bb custom_margin=\u00a0\u00bb14px|||||\u00a0\u00bb hover_enabled=\u00a0\u00bb0&Prime; border_radii=\u00a0\u00bbon|200px|200px|200px|200px\u00a0\u00bb global_colors_info=\u00a0\u00bb{}\u00a0\u00bb alt=\u00a0\u00bbnaturopathe niort\u00a0\u00bb sticky_enabled=\u00a0\u00bb0&Prime;][\/et_pb_image][\/et_pb_column][et_pb_column type=\u00a0\u00bb3_5&Prime; _builder_version=\u00a0\u00bb4.27.4&Prime; _module_preset=\u00a0\u00bbdefault\u00a0\u00bb global_colors_info=\u00a0\u00bb{}\u00a0\u00bb][et_pb_text _builder_version=\u00a0\u00bb4.27.4&Prime; _module_preset=\u00a0\u00bbdefault\u00a0\u00bb text_font_size=\u00a0\u00bb18px\u00a0\u00bb text_line_height=\u00a0\u00bb1.4em\u00a0\u00bb text_orientation=\u00a0\u00bbjustified\u00a0\u00bb global_colors_info=\u00a0\u00bb{}\u00a0\u00bb]<\/p>\n<p>Apr\u00e8s plusieurs ann\u00e9es en tant que juriste, j\u2019ai choisi de r\u00e9orienter ma carri\u00e8re pour me consacrer \u00e0 l\u2019accompagnement des personnes en qu\u00eate de mieux-\u00eatre.<\/p>\n<p>Lors de ma formation de naturopathe, j\u2019ai d\u00e9couvert le v\u00e9ritable pouvoir d\u2019action qu\u2019a chacun sur sa sant\u00e9 et appris les cl\u00e9s d\u2019un bien-\u00eatre durable. Je suis l\u00e0 pour vous accompagner et ensemble, nous trouverons celles qui vous permettront de retrouver \u00e9quilibre, \u00e9nergie et s\u00e9r\u00e9nit\u00e9.<\/p>\n<p>Chaque consultation est une opportunit\u00e9 de vous \u00e9couter attentivement, de comprendre vos d\u00e9fis et de vous offrir des solutions naturelles adapt\u00e9es. Votre bien-\u00eatre est ma priorit\u00e9, et je m&rsquo;engage \u00e0 vous soutenir avec douceur et professionnalisme \u00e0 chaque \u00e9tape de votre parcours vers une sant\u00e9 \u00e9panouie.<\/p>\n<p>[\/et_pb_text][\/et_pb_column][\/et_pb_row][et_pb_row column_structure=\u00a0\u00bb2_5,3_5&Prime; _builder_version=\u00a0\u00bb4.27.4&Prime; _module_preset=\u00a0\u00bbdefault\u00a0\u00bb global_colors_info=\u00a0\u00bb{}\u00a0\u00bb][et_pb_column type=\u00a0\u00bb2_5&Prime; _builder_version=\u00a0\u00bb4.27.4&Prime; _module_preset=\u00a0\u00bbdefault\u00a0\u00bb global_colors_info=\u00a0\u00bb{}\u00a0\u00bb][et_pb_text _builder_version=\u00a0\u00bb4.27.4&Prime; _module_preset=\u00a0\u00bbdefault\u00a0\u00bb text_font_size=\u00a0\u00bb20px\u00a0\u00bb text_line_height=\u00a0\u00bb1.4em\u00a0\u00bb header_2_text_color=\u00a0\u00bb#4C4A55&Prime; text_orientation=\u00a0\u00bbcenter\u00a0\u00bb global_colors_info=\u00a0\u00bb{}\u00a0\u00bb]<\/p>\n<p>&nbsp;<\/p>\n<p>D\u00e9couvrez-moi en interview dans l\u2019\u00e9mission C\u00f4t\u00e9 patient o\u00f9 je vous parle de mon parcours et de mon approche de la naturopathie<\/p>\n<p>[\/et_pb_text][et_pb_button button_text=\u00a0\u00bbJ&rsquo;\u00e9coute\u00a0\u00bb button_alignment=\u00a0\u00bbcenter\u00a0\u00bb _builder_version=\u00a0\u00bb4.27.4&Prime; _module_preset=\u00a0\u00bbdefault\u00a0\u00bb custom_padding=\u00a0\u00bb||0px|||\u00a0\u00bb box_shadow_style=\u00a0\u00bbpreset2&Prime; global_colors_info=\u00a0\u00bb{}\u00a0\u00bb][\/et_pb_button][\/et_pb_column][et_pb_column type=\u00a0\u00bb3_5&Prime; _builder_version=\u00a0\u00bb4.27.4&Prime; _module_preset=\u00a0\u00bbdefault\u00a0\u00bb global_colors_info=\u00a0\u00bb{}\u00a0\u00bb][et_pb_image src=\u00a0\u00bbhttps:\/\/adeline-proquin-naturopathe.fr\/wp-content\/uploads\/2025\/03\/Radio.png\u00a0\u00bb title_text=\u00a0\u00bbRadio\u00a0\u00bb _builder_version=\u00a0\u00bb4.27.4&Prime; _module_preset=\u00a0\u00bbdefault\u00a0\u00bb custom_padding=\u00a0\u00bb|173px||||\u00a0\u00bb border_radii=\u00a0\u00bbon|200px|200px|200px|200px\u00a0\u00bb global_colors_info=\u00a0\u00bb{}\u00a0\u00bb][\/et_pb_image][\/et_pb_column][\/et_pb_row][\/et_pb_section]<\/p>\n","protected":false},"excerpt":{"rendered":"<p>&nbsp;Qui est Adeline PROQUIN &#8211; Naturopathe \u00e0 Niort ?Apr\u00e8s plusieurs ann\u00e9es en tant que juriste, j\u2019ai choisi de r\u00e9orienter ma carri\u00e8re pour me consacrer \u00e0 l\u2019accompagnement des personnes en qu\u00eate de mieux-\u00eatre. Lors de ma formation de naturopathe, j\u2019ai d\u00e9couvert le v\u00e9ritable pouvoir d\u2019action qu\u2019a chacun sur sa sant\u00e9 et appris les cl\u00e9s d\u2019un bien-\u00eatre [&hellip;]<\/p>\n","protected":false},"author":1,"featured_media":0,"parent":0,"menu_order":0,"comment_status":"closed","ping_status":"closed","template":"","meta":{"_et_pb_use_builder":"on","_et_pb_old_content":"","_et_gb_content_width":"","footnotes":""},"class_list":["post-343","page","type-page","status-publish","hentry"],"yoast_head":"<!-- This site is optimized with the Yoast SEO plugin v26.6 - https:\/\/yoast.com\/wordpress\/plugins\/seo\/ -->\n<title>Qui suis-je ? - Adeline Proquin - Naturopathe<\/title>\n<meta name=\"robots\" content=\"index, follow, max-snippet:-1, max-image-preview:large, max-video-preview:-1\" \/>\n<link rel=\"canonical\" href=\"https:\/\/adeline-proquin-naturopathe.fr\/index.php\/adeline-proquin-naturopathe-niort-2\/\" \/>\n<meta property=\"og:locale\" content=\"fr_FR\" \/>\n<meta property=\"og:type\" content=\"article\" \/>\n<meta property=\"og:title\" content=\"Qui suis-je ? - Adeline Proquin - Naturopathe\" \/>\n<meta property=\"og:description\" content=\"&nbsp;Qui est Adeline PROQUIN - Naturopathe \u00e0 Niort ?Apr\u00e8s plusieurs ann\u00e9es en tant que juriste, j\u2019ai choisi de r\u00e9orienter ma carri\u00e8re pour me consacrer \u00e0 l\u2019accompagnement des personnes en qu\u00eate de mieux-\u00eatre. Lors de ma formation de naturopathe, j\u2019ai d\u00e9couvert le v\u00e9ritable pouvoir d\u2019action qu\u2019a chacun sur sa sant\u00e9 et appris les cl\u00e9s d\u2019un bien-\u00eatre [&hellip;]\" \/>\n<meta property=\"og:url\" content=\"https:\/\/adeline-proquin-naturopathe.fr\/index.php\/adeline-proquin-naturopathe-niort-2\/\" \/>\n<meta property=\"og:site_name\" content=\"Adeline Proquin - Naturopathe\" \/>\n<meta property=\"article:publisher\" content=\"https:\/\/www.facebook.com\/profile.php?id=61558466216181&amp;sk=followers\" \/>\n<meta property=\"article:modified_time\" content=\"2025-11-27T14:24:15+00:00\" \/>\n<meta name=\"twitter:card\" content=\"summary_large_image\" \/>\n<meta name=\"twitter:label1\" content=\"Dur\u00e9e de lecture estim\u00e9e\" \/>\n\t<meta name=\"twitter:data1\" content=\"4 minutes\" \/>\n<script type=\"application\/ld+json\" class=\"yoast-schema-graph\">{\"@context\":\"https:\/\/schema.org\",\"@graph\":[{\"@type\":\"WebPage\",\"@id\":\"https:\/\/adeline-proquin-naturopathe.fr\/index.php\/adeline-proquin-naturopathe-niort-2\/\",\"url\":\"https:\/\/adeline-proquin-naturopathe.fr\/index.php\/adeline-proquin-naturopathe-niort-2\/\",\"name\":\"Qui suis-je ? - Adeline Proquin - Naturopathe\",\"isPartOf\":{\"@id\":\"https:\/\/adeline-proquin-naturopathe.fr\/#website\"},\"datePublished\":\"2025-02-26T08:43:22+00:00\",\"dateModified\":\"2025-11-27T14:24:15+00:00\",\"breadcrumb\":{\"@id\":\"https:\/\/adeline-proquin-naturopathe.fr\/index.php\/adeline-proquin-naturopathe-niort-2\/#breadcrumb\"},\"inLanguage\":\"fr-FR\",\"potentialAction\":[{\"@type\":\"ReadAction\",\"target\":[\"https:\/\/adeline-proquin-naturopathe.fr\/index.php\/adeline-proquin-naturopathe-niort-2\/\"]}]},{\"@type\":\"BreadcrumbList\",\"@id\":\"https:\/\/adeline-proquin-naturopathe.fr\/index.php\/adeline-proquin-naturopathe-niort-2\/#breadcrumb\",\"itemListElement\":[{\"@type\":\"ListItem\",\"position\":1,\"name\":\"Accueil\",\"item\":\"https:\/\/adeline-proquin-naturopathe.fr\/\"},{\"@type\":\"ListItem\",\"position\":2,\"name\":\"Qui suis-je ?\"}]},{\"@type\":\"WebSite\",\"@id\":\"https:\/\/adeline-proquin-naturopathe.fr\/#website\",\"url\":\"https:\/\/adeline-proquin-naturopathe.fr\/\",\"name\":\"Adeline Proquin - Naturopathe\",\"description\":\"Gestion stress\",\"publisher\":{\"@id\":\"https:\/\/adeline-proquin-naturopathe.fr\/#organization\"},\"potentialAction\":[{\"@type\":\"SearchAction\",\"target\":{\"@type\":\"EntryPoint\",\"urlTemplate\":\"https:\/\/adeline-proquin-naturopathe.fr\/?s={search_term_string}\"},\"query-input\":{\"@type\":\"PropertyValueSpecification\",\"valueRequired\":true,\"valueName\":\"search_term_string\"}}],\"inLanguage\":\"fr-FR\"},{\"@type\":\"Organization\",\"@id\":\"https:\/\/adeline-proquin-naturopathe.fr\/#organization\",\"name\":\"Adeline Proquin - Naturopathe\",\"url\":\"https:\/\/adeline-proquin-naturopathe.fr\/\",\"logo\":{\"@type\":\"ImageObject\",\"inLanguage\":\"fr-FR\",\"@id\":\"https:\/\/adeline-proquin-naturopathe.fr\/#\/schema\/logo\/image\/\",\"url\":\"https:\/\/adeline-proquin-naturopathe.fr\/wp-content\/uploads\/2025\/11\/cropped-Logo-fond-blanc.jpg\",\"contentUrl\":\"https:\/\/adeline-proquin-naturopathe.fr\/wp-content\/uploads\/2025\/11\/cropped-Logo-fond-blanc.jpg\",\"width\":512,\"height\":512,\"caption\":\"Adeline Proquin - Naturopathe\"},\"image\":{\"@id\":\"https:\/\/adeline-proquin-naturopathe.fr\/#\/schema\/logo\/image\/\"},\"sameAs\":[\"https:\/\/www.facebook.com\/profile.php?id=61558466216181&sk=followers\",\"https:\/\/www.instagram.com\/adeline_proquin_naturopathe\/\",\"https:\/\/www.linkedin.com\/in\/adeline-proquin-9b664797\/\"]}]}<\/script>\n<!-- \/ Yoast SEO plugin. -->","yoast_head_json":{"title":"Qui suis-je ? - Adeline Proquin - Naturopathe","robots":{"index":"index","follow":"follow","max-snippet":"max-snippet:-1","max-image-preview":"max-image-preview:large","max-video-preview":"max-video-preview:-1"},"canonical":"https:\/\/adeline-proquin-naturopathe.fr\/index.php\/adeline-proquin-naturopathe-niort-2\/","og_locale":"fr_FR","og_type":"article","og_title":"Qui suis-je ? - Adeline Proquin - Naturopathe","og_description":"&nbsp;Qui est Adeline PROQUIN - Naturopathe \u00e0 Niort ?Apr\u00e8s plusieurs ann\u00e9es en tant que juriste, j\u2019ai choisi de r\u00e9orienter ma carri\u00e8re pour me consacrer \u00e0 l\u2019accompagnement des personnes en qu\u00eate de mieux-\u00eatre. Lors de ma formation de naturopathe, j\u2019ai d\u00e9couvert le v\u00e9ritable pouvoir d\u2019action qu\u2019a chacun sur sa sant\u00e9 et appris les cl\u00e9s d\u2019un bien-\u00eatre [&hellip;]","og_url":"https:\/\/adeline-proquin-naturopathe.fr\/index.php\/adeline-proquin-naturopathe-niort-2\/","og_site_name":"Adeline Proquin - Naturopathe","article_publisher":"https:\/\/www.facebook.com\/profile.php?id=61558466216181&sk=followers","article_modified_time":"2025-11-27T14:24:15+00:00","twitter_card":"summary_large_image","twitter_misc":{"Dur\u00e9e de lecture estim\u00e9e":"4 minutes"},"schema":{"@context":"https:\/\/schema.org","@graph":[{"@type":"WebPage","@id":"https:\/\/adeline-proquin-naturopathe.fr\/index.php\/adeline-proquin-naturopathe-niort-2\/","url":"https:\/\/adeline-proquin-naturopathe.fr\/index.php\/adeline-proquin-naturopathe-niort-2\/","name":"Qui suis-je ? - Adeline Proquin - Naturopathe","isPartOf":{"@id":"https:\/\/adeline-proquin-naturopathe.fr\/#website"},"datePublished":"2025-02-26T08:43:22+00:00","dateModified":"2025-11-27T14:24:15+00:00","breadcrumb":{"@id":"https:\/\/adeline-proquin-naturopathe.fr\/index.php\/adeline-proquin-naturopathe-niort-2\/#breadcrumb"},"inLanguage":"fr-FR","potentialAction":[{"@type":"ReadAction","target":["https:\/\/adeline-proquin-naturopathe.fr\/index.php\/adeline-proquin-naturopathe-niort-2\/"]}]},{"@type":"BreadcrumbList","@id":"https:\/\/adeline-proquin-naturopathe.fr\/index.php\/adeline-proquin-naturopathe-niort-2\/#breadcrumb","itemListElement":[{"@type":"ListItem","position":1,"name":"Accueil","item":"https:\/\/adeline-proquin-naturopathe.fr\/"},{"@type":"ListItem","position":2,"name":"Qui suis-je ?"}]},{"@type":"WebSite","@id":"https:\/\/adeline-proquin-naturopathe.fr\/#website","url":"https:\/\/adeline-proquin-naturopathe.fr\/","name":"Adeline Proquin - Naturopathe","description":"Gestion stress","publisher":{"@id":"https:\/\/adeline-proquin-naturopathe.fr\/#organization"},"potentialAction":[{"@type":"SearchAction","target":{"@type":"EntryPoint","urlTemplate":"https:\/\/adeline-proquin-naturopathe.fr\/?s={search_term_string}"},"query-input":{"@type":"PropertyValueSpecification","valueRequired":true,"valueName":"search_term_string"}}],"inLanguage":"fr-FR"},{"@type":"Organization","@id":"https:\/\/adeline-proquin-naturopathe.fr\/#organization","name":"Adeline Proquin - Naturopathe","url":"https:\/\/adeline-proquin-naturopathe.fr\/","logo":{"@type":"ImageObject","inLanguage":"fr-FR","@id":"https:\/\/adeline-proquin-naturopathe.fr\/#\/schema\/logo\/image\/","url":"https:\/\/adeline-proquin-naturopathe.fr\/wp-content\/uploads\/2025\/11\/cropped-Logo-fond-blanc.jpg","contentUrl":"https:\/\/adeline-proquin-naturopathe.fr\/wp-content\/uploads\/2025\/11\/cropped-Logo-fond-blanc.jpg","width":512,"height":512,"caption":"Adeline Proquin - Naturopathe"},"image":{"@id":"https:\/\/adeline-proquin-naturopathe.fr\/#\/schema\/logo\/image\/"},"sameAs":["https:\/\/www.facebook.com\/profile.php?id=61558466216181&sk=followers","https:\/\/www.instagram.com\/adeline_proquin_naturopathe\/","https:\/\/www.linkedin.com\/in\/adeline-proquin-9b664797\/"]}]}},"_links":{"self":[{"href":"https:\/\/adeline-proquin-naturopathe.fr\/index.php\/wp-json\/wp\/v2\/pages\/343","targetHints":{"allow":["GET"]}}],"collection":[{"href":"https:\/\/adeline-proquin-naturopathe.fr\/index.php\/wp-json\/wp\/v2\/pages"}],"about":[{"href":"https:\/\/adeline-proquin-naturopathe.fr\/index.php\/wp-json\/wp\/v2\/types\/page"}],"author":[{"embeddable":true,"href":"https:\/\/adeline-proquin-naturopathe.fr\/index.php\/wp-json\/wp\/v2\/users\/1"}],"replies":[{"embeddable":true,"href":"https:\/\/adeline-proquin-naturopathe.fr\/index.php\/wp-json\/wp\/v2\/comments?post=343"}],"version-history":[{"count":9,"href":"https:\/\/adeline-proquin-naturopathe.fr\/index.php\/wp-json\/wp\/v2\/pages\/343\/revisions"}],"predecessor-version":[{"id":751,"href":"https:\/\/adeline-proquin-naturopathe.fr\/index.php\/wp-json\/wp\/v2\/pages\/343\/revisions\/751"}],"wp:attachment":[{"href":"https:\/\/adeline-proquin-naturopathe.fr\/index.php\/wp-json\/wp\/v2\/media?parent=343"}],"curies":[{"name":"wp","href":"https:\/\/api.w.org\/{rel}","templated":true}]}}