{"id":287,"date":"2025-02-25T17:49:11","date_gmt":"2025-02-25T16:49:11","guid":{"rendered":"https:\/\/adeline-proquin-naturopathe.fr\/?page_id=287"},"modified":"2025-11-28T15:24:43","modified_gmt":"2025-11-28T14:24:43","slug":"prestations-tarifs-adeline-proquin","status":"publish","type":"page","link":"https:\/\/adeline-proquin-naturopathe.fr\/index.php\/prestations-tarifs-adeline-proquin\/","title":{"rendered":"Prestations et tarifs"},"content":{"rendered":"<p>[et_pb_section fb_built=\u00a0\u00bb1&Prime; fullwidth=\u00a0\u00bbon\u00a0\u00bb _builder_version=\u00a0\u00bb4.27.4&Prime; _module_preset=\u00a0\u00bbdefault\u00a0\u00bb background_color=\u00a0\u00bb#fffaf4&Prime; background_enable_image=\u00a0\u00bboff\u00a0\u00bb background_size=\u00a0\u00bbcontain\u00a0\u00bb module_alignment_tablet=\u00a0\u00bb\u00a0\u00bb module_alignment_phone=\u00a0\u00bb\u00a0\u00bb module_alignment_last_edited=\u00a0\u00bbon|phone\u00a0\u00bb global_colors_info=\u00a0\u00bb{}\u00a0\u00bb][et_pb_fullwidth_header title=\u00a0\u00bb Se lib\u00e9rer du stress chronique, de la fatigue et des troubles du sommeil. Retrouver \u00e9nergie, \u00e9quilibre et bien-\u00eatre\u00a0\u00bb logo_image_url=\u00a0\u00bbhttps:\/\/adeline-proquin-naturopathe.fr\/wp-content\/uploads\/2025\/11\/Logo-fond-blanc.jpg\u00a0\u00bb subhead_last_edited=\u00a0\u00bboff|desktop\u00a0\u00bb content_last_edited=\u00a0\u00bboff|desktop\u00a0\u00bb _builder_version=\u00a0\u00bb4.27.4&Prime; _module_preset=\u00a0\u00bbdefault\u00a0\u00bb title_font=\u00a0\u00bb|||||on|||\u00a0\u00bb title_text_align=\u00a0\u00bbcenter\u00a0\u00bb title_text_color=\u00a0\u00bb#C4698F\u00a0\u00bb title_font_size=\u00a0\u00bb42px\u00a0\u00bb title_line_height=\u00a0\u00bb1.1em\u00a0\u00bb content_text_color=\u00a0\u00bb#4C4A55&Prime; content_font_size=\u00a0\u00bb18px\u00a0\u00bb subhead_font=\u00a0\u00bb||||||||\u00a0\u00bb subhead_text_align=\u00a0\u00bbright\u00a0\u00bb subhead_text_color=\u00a0\u00bb#C4698F\u00a0\u00bb subhead_font_size=\u00a0\u00bb23px\u00a0\u00bb background_color=\u00a0\u00bbrgba(76,74,85,0.6)\u00a0\u00bb use_background_color_gradient=\u00a0\u00bbon\u00a0\u00bb background_color_gradient_direction=\u00a0\u00bb90deg\u00a0\u00bb background_color_gradient_stops=\u00a0\u00bb#ffffff 0%|rgba(255,255,255,0.54) 100%\u00a0\u00bb background_color_gradient_start=\u00a0\u00bb#ffffff\u00a0\u00bb background_color_gradient_end=\u00a0\u00bbrgba(255,255,255,0.54)\u00a0\u00bb background_enable_image=\u00a0\u00bboff\u00a0\u00bb background_size=\u00a0\u00bbinitial\u00a0\u00bb background_position=\u00a0\u00bbtop_left\u00a0\u00bb background_layout=\u00a0\u00bblight\u00a0\u00bb min_height=\u00a0\u00bb674.7px\u00a0\u00bb custom_margin=\u00a0\u00bb||-277px||false|false\u00a0\u00bb custom_padding=\u00a0\u00bb100px||18px||false|false\u00a0\u00bb title_font_size_tablet=\u00a0\u00bb\u00a0\u00bb title_font_size_phone=\u00a0\u00bb33px\u00a0\u00bb title_font_size_last_edited=\u00a0\u00bbon|desktop\u00a0\u00bb title_line_height_tablet=\u00a0\u00bb\u00a0\u00bb title_line_height_phone=\u00a0\u00bb1.2em\u00a0\u00bb title_line_height_last_edited=\u00a0\u00bbon|phone\u00a0\u00bb content_font_size_tablet=\u00a0\u00bb\u00a0\u00bb content_font_size_phone=\u00a0\u00bb14px\u00a0\u00bb content_font_size_last_edited=\u00a0\u00bbon|phone\u00a0\u00bb background_last_edited=\u00a0\u00bbon|phone\u00a0\u00bb background_image_phone=\u00a0\u00bbhttps:\/\/adeline-proquin-naturopathe.fr\/wp-content\/uploads\/2022\/06\/Landing-smartphone-v2.png\u00a0\u00bb background_enable_image_phone=\u00a0\u00bbon\u00a0\u00bb border_radii_image=\u00a0\u00bbon|100px|100px|100px|100px\u00a0\u00bb global_colors_info=\u00a0\u00bb{}\u00a0\u00bb]<\/p>\n<p style=\"text-align: justify;\"><span style=\"font-weight: 400;\"><\/span><\/p>\n<p>&nbsp;<\/p>\n<p>[\/et_pb_fullwidth_header][\/et_pb_section][et_pb_section fb_built=\u00a0\u00bb1&Prime; _builder_version=\u00a0\u00bb4.27.4&Prime; _module_preset=\u00a0\u00bbdefault\u00a0\u00bb background_color=\u00a0\u00bb#FFFAF4&Prime; global_colors_info=\u00a0\u00bb{}\u00a0\u00bb][et_pb_row _builder_version=\u00a0\u00bb4.27.4&Prime; _module_preset=\u00a0\u00bbdefault\u00a0\u00bb custom_padding=\u00a0\u00bb||0px|||\u00a0\u00bb global_colors_info=\u00a0\u00bb{}\u00a0\u00bb][et_pb_column type=\u00a0\u00bb4_4&Prime; _builder_version=\u00a0\u00bb4.27.4&Prime; _module_preset=\u00a0\u00bbdefault\u00a0\u00bb global_colors_info=\u00a0\u00bb{}\u00a0\u00bb][et_pb_text _builder_version=\u00a0\u00bb4.27.4&Prime; _module_preset=\u00a0\u00bbdefault\u00a0\u00bb text_font=\u00a0\u00bb|600|||||||\u00a0\u00bb text_text_color=\u00a0\u00bb#C4698F\u00a0\u00bb text_font_size=\u00a0\u00bb35px\u00a0\u00bb text_letter_spacing=\u00a0\u00bb1px\u00a0\u00bb header_text_color=\u00a0\u00bb#C4698F\u00a0\u00bb header_font_size=\u00a0\u00bb54px\u00a0\u00bb background_enable_color=\u00a0\u00bboff\u00a0\u00bb custom_margin=\u00a0\u00bb||40px|||\u00a0\u00bb hover_enabled=\u00a0\u00bb0&Prime; global_colors_info=\u00a0\u00bb{}\u00a0\u00bb sticky_enabled=\u00a0\u00bb0&Prime; custom_padding=\u00a0\u00bb75px||||false|false\u00a0\u00bb]<\/p>\n<p style=\"text-align: center;\">Prestations et tarifs<\/p>\n<p>[\/et_pb_text][\/et_pb_column][\/et_pb_row][et_pb_row _builder_version=\u00a0\u00bb4.27.4&Prime; _module_preset=\u00a0\u00bbdefault\u00a0\u00bb global_colors_info=\u00a0\u00bb{}\u00a0\u00bb][et_pb_column type=\u00a0\u00bb4_4&Prime; _builder_version=\u00a0\u00bb4.27.4&Prime; _module_preset=\u00a0\u00bbdefault\u00a0\u00bb global_colors_info=\u00a0\u00bb{}\u00a0\u00bb][et_pb_text _builder_version=\u00a0\u00bb4.27.4&Prime; _module_preset=\u00a0\u00bbdefault\u00a0\u00bb global_colors_info=\u00a0\u00bb{}\u00a0\u00bb]<\/p>\n<h1 style=\"text-align: center;\">Oubliez le stress chronique et la fatigue, am\u00e9liorez votre sommeil et votre hygi\u00e8ne de vie<\/h1>\n<p>&nbsp;<\/p>\n<h3 style=\"text-align: center;\"><span style=\"font-weight: 400;\">D\u00e9couvrez mes prestations adapt\u00e9es \u00e0 vos besoins et offrez-vous une parenth\u00e8se pour prendre soin de vous<\/span><\/h3>\n<p>[\/et_pb_text][\/et_pb_column][\/et_pb_row][et_pb_row column_structure=\u00a0\u00bb1_3,1_3,1_3&Prime; _builder_version=\u00a0\u00bb4.27.4&Prime; _module_preset=\u00a0\u00bbdefault\u00a0\u00bb background_color=\u00a0\u00bb#FFFAF4&Prime; global_colors_info=\u00a0\u00bb{}\u00a0\u00bb][et_pb_column type=\u00a0\u00bb1_3&Prime; _builder_version=\u00a0\u00bb4.27.4&Prime; _module_preset=\u00a0\u00bbdefault\u00a0\u00bb global_colors_info=\u00a0\u00bb{}\u00a0\u00bb][et_pb_image src=\u00a0\u00bbhttps:\/\/adeline-proquin-naturopathe.fr\/wp-content\/uploads\/2025\/03\/Zenergiepro2.png\u00a0\u00bb alt=\u00a0\u00bbgestion stress naturopathe niort salari\u00e9s collaborateurs dirigeants\u00a0\u00bb title_text=\u00a0\u00bbZenergie&rsquo;pro2&Prime; _builder_version=\u00a0\u00bb4.27.4&Prime; _module_preset=\u00a0\u00bbdefault\u00a0\u00bb transform_scale=\u00a0\u00bb115%|115%\u00a0\u00bb transform_translate=\u00a0\u00bb0px|5px\u00a0\u00bb transform_translate_linked=\u00a0\u00bboff\u00a0\u00bb min_height=\u00a0\u00bb158.2px\u00a0\u00bb custom_margin=\u00a0\u00bb9px||||false|false\u00a0\u00bb custom_padding=\u00a0\u00bb||0px|37px||\u00a0\u00bb border_radii=\u00a0\u00bbon|250px|250px|250px|250px\u00a0\u00bb global_colors_info=\u00a0\u00bb{}\u00a0\u00bb][\/et_pb_image][et_pb_text _builder_version=\u00a0\u00bb4.27.4&Prime; _module_preset=\u00a0\u00bbdefault\u00a0\u00bb text_text_color=\u00a0\u00bb#4C4A55&Prime; text_font_size=\u00a0\u00bb18px\u00a0\u00bb global_colors_info=\u00a0\u00bb{}\u00a0\u00bb]<\/p>\n<h2><b><\/b><\/h2>\n<h2><b><\/b><\/h2>\n<h2><b><\/b><\/h2>\n<h3><b><\/b><\/h3>\n<h3><b>Programme ZENERGIE\u00a0<\/b><\/h3>\n<p><b><\/b><\/p>\n<h2><span style=\"color: #4c4a55;\"><b>Dites adieu au stress chronique, \u00e0 l\u2019irritabilit\u00e9 et aux troubles du sommeil\u00a0<\/b><\/span><\/h2>\n<p style=\"text-align: left;\"><span style=\"font-weight: 400; color: #4c4a55;\">Pour les salari\u00e9s, chefs d&rsquo;entreprises en qu\u00eate de performance sans stress, mais aussi les jeunes parents fatigu\u00e9s, les \u00e9tudiants surmen\u00e9s et tout ceux qui ne veulent plus subir leur stress&#8230; Un programme sur-mesure qui allie techniques naturelles et accompagnement personnalis\u00e9 pour retrouver \u00e9nergie, concentration et \u00e9quilibre tout en tenant compte de vos contraintes. <\/span><\/p>\n<p style=\"text-align: left;\">Reprenez le contr\u00f4le de votre vie, de votre \u00e9nergie et de vos objectifs!<\/p>\n<p><span style=\"color: #4c4a55;\"><span style=\"font-size: 18px;\"><\/span><\/span><\/p>\n<p>[\/et_pb_text][et_pb_button button_url=\u00a0\u00bb@ET-DC@eyJkeW5hbWljIjp0cnVlLCJjb250ZW50IjoicG9zdF9saW5rX3VybF9wYWdlIiwic2V0dGluZ3MiOnsicG9zdF9pZCI6IjMxOSJ9fQ==@\u00a0\u00bb button_text=\u00a0\u00bbZENERGIE, je veux me lib\u00e9rer de mon stress !\u00a0\u00bb button_alignment=\u00a0\u00bbcenter\u00a0\u00bb _builder_version=\u00a0\u00bb4.27.4&Prime; _dynamic_attributes=\u00a0\u00bbbutton_url\u00a0\u00bb _module_preset=\u00a0\u00bbdefault\u00a0\u00bb custom_button=\u00a0\u00bbon\u00a0\u00bb button_text_color=\u00a0\u00bb#997A90&Prime; button_border_radius=\u00a0\u00bb50px\u00a0\u00bb animation_style=\u00a0\u00bbfade\u00a0\u00bb hover_enabled=\u00a0\u00bb0&Prime; box_shadow_style=\u00a0\u00bbpreset1&Prime; global_colors_info=\u00a0\u00bb{}\u00a0\u00bb sticky_enabled=\u00a0\u00bb0&Prime;][\/et_pb_button][\/et_pb_column][et_pb_column type=\u00a0\u00bb1_3&Prime; _builder_version=\u00a0\u00bb4.27.4&Prime; _module_preset=\u00a0\u00bbdefault\u00a0\u00bb global_colors_info=\u00a0\u00bb{}\u00a0\u00bb][et_pb_image src=\u00a0\u00bbhttps:\/\/adeline-proquin-naturopathe.fr\/wp-content\/uploads\/2025\/04\/Chrysalide-recoupee-2.png\u00a0\u00bb alt=\u00a0\u00bbnaturopathe niort perte poids probl\u00e8mes cardiaques\u00a0\u00bb title_text=\u00a0\u00bbChrysalide recoup\u00e9e 2&Prime; _builder_version=\u00a0\u00bb4.27.4&Prime; _module_preset=\u00a0\u00bbdefault\u00a0\u00bb custom_padding=\u00a0\u00bb0px|||||\u00a0\u00bb border_radii=\u00a0\u00bbon|250px|250px|250px|250px\u00a0\u00bb global_colors_info=\u00a0\u00bb{}\u00a0\u00bb][\/et_pb_image][et_pb_text _builder_version=\u00a0\u00bb4.27.4&Prime; _module_preset=\u00a0\u00bbdefault\u00a0\u00bb text_text_color=\u00a0\u00bb#4C4A55&Prime; text_font_size=\u00a0\u00bb18px\u00a0\u00bb header_text_color=\u00a0\u00bb#4C4A55&Prime; global_colors_info=\u00a0\u00bb{}\u00a0\u00bb]<\/p>\n<h3><strong>Programme TRANSFORM\u2019ACTION\u00a0<\/strong><\/h3>\n<h2><strong>Votre tremplin pour changer vos habitudes et vivre mieux<\/strong><\/h2>\n<p><strong><\/strong><\/p>\n<p><span style=\"font-weight: 400;\">Con\u00e7u pour ceux qui font face \u00e0 des d\u00e9fis de sant\u00e9 ou souhaitent les pr\u00e9venir, il offre un accompagnement bienveillant pour adopter des habitudes plus saines. D\u00e9couvrez comment reprendre le contr\u00f4le de votre bien-\u00eatre, \u00e0 votre rythme et selon vos besoins.<\/span><\/p>\n<p><span style=\"font-weight: 400;\"><\/span><\/p>\n<p>[\/et_pb_text][et_pb_button button_url=\u00a0\u00bb@ET-DC@eyJkeW5hbWljIjp0cnVlLCJjb250ZW50IjoicG9zdF9saW5rX3VybF9wYWdlIiwic2V0dGluZ3MiOnsicG9zdF9pZCI6IjMzNyJ9fQ==@\u00a0\u00bb button_text=\u00a0\u00bbComment passer \u00e0 ma TRANSFORM&rsquo;ACTION ?\u00a0\u00bb button_alignment=\u00a0\u00bbcenter\u00a0\u00bb _builder_version=\u00a0\u00bb4.27.4&Prime; _dynamic_attributes=\u00a0\u00bbbutton_url\u00a0\u00bb _module_preset=\u00a0\u00bbdefault\u00a0\u00bb custom_button=\u00a0\u00bbon\u00a0\u00bb button_text_color=\u00a0\u00bb#997A90&Prime; button_border_radius=\u00a0\u00bb50px\u00a0\u00bb animation_style=\u00a0\u00bbfade\u00a0\u00bb hover_enabled=\u00a0\u00bb0&Prime; box_shadow_style=\u00a0\u00bbpreset1&Prime; locked=\u00a0\u00bboff\u00a0\u00bb global_colors_info=\u00a0\u00bb{}\u00a0\u00bb sticky_enabled=\u00a0\u00bb0&Prime;][\/et_pb_button][\/et_pb_column][et_pb_column type=\u00a0\u00bb1_3&Prime; _builder_version=\u00a0\u00bb4.27.4&Prime; _module_preset=\u00a0\u00bbdefault\u00a0\u00bb global_colors_info=\u00a0\u00bb{}\u00a0\u00bb][et_pb_image src=\u00a0\u00bbhttps:\/\/adeline-proquin-naturopathe.fr\/wp-content\/uploads\/2025\/02\/Respirelaxation.jpg\u00a0\u00bb alt=\u00a0\u00bbd\u00e9tente relaxation naturopathe niort\u00a0\u00bb title_text=\u00a0\u00bbRespi&rsquo;relaxation\u00a0\u00bb _builder_version=\u00a0\u00bb4.27.4&Prime; _module_preset=\u00a0\u00bbdefault\u00a0\u00bb border_radii=\u00a0\u00bbon|250px|250px|250px|250px\u00a0\u00bb global_colors_info=\u00a0\u00bb{}\u00a0\u00bb][\/et_pb_image][et_pb_text _builder_version=\u00a0\u00bb4.27.4&Prime; _module_preset=\u00a0\u00bbdefault\u00a0\u00bb text_text_color=\u00a0\u00bb#4C4A55&Prime; text_font_size=\u00a0\u00bb18px\u00a0\u00bb header_2_text_color=\u00a0\u00bb#4C4A55&Prime; global_colors_info=\u00a0\u00bb{}\u00a0\u00bb]<\/p>\n<h3><strong>S\u00e9ance Respi\u2019relaxation<\/strong><\/h3>\n<p><strong><\/strong><\/p>\n<h2><strong>La pause d\u00e9tente\u00a0<\/strong><strong><\/strong><\/h2>\n<p><strong><\/strong><\/p>\n<p><span style=\"font-weight: 400;\">Apr\u00e8s un temps d\u2019\u00e9change sur vos attentes, je vous propose des exercices de respiration et\/ou une relaxation que vous pratiquez pendant la s\u00e9ance et que vous pourrez refaire chez vous. L\u2019objectif est de lib\u00e9rer les tensions physiques et \u00e9motionnelles accumul\u00e9es et gagner en s\u00e9r\u00e9nit\u00e9.<\/span><\/p>\n<p><span style=\"font-weight: 400;\">S\u00e9ance de 35\/40 min\u00a0: 35\u20ac<\/span><\/p>\n<p><span style=\"font-weight: 400;\">S\u00e9ance collective (4 pers max)\u00a0: 20\u20ac par personne<\/span><\/p>\n<p><span style=\"font-weight: 400;\"><\/span><\/p>\n<p>[\/et_pb_text][et_pb_button button_text=\u00a0\u00bbJ&rsquo;ai besoin d&rsquo;air et de d\u00e9tente !\u00a0\u00bb button_alignment=\u00a0\u00bbcenter\u00a0\u00bb _builder_version=\u00a0\u00bb4.27.4&Prime; _module_preset=\u00a0\u00bbdefault\u00a0\u00bb custom_button=\u00a0\u00bbon\u00a0\u00bb button_text_color=\u00a0\u00bb#997A90&Prime; button_border_radius=\u00a0\u00bb50px\u00a0\u00bb animation_style=\u00a0\u00bbfade\u00a0\u00bb hover_enabled=\u00a0\u00bb0&Prime; box_shadow_style=\u00a0\u00bbpreset1&Prime; locked=\u00a0\u00bboff\u00a0\u00bb global_colors_info=\u00a0\u00bb{}\u00a0\u00bb sticky_enabled=\u00a0\u00bb0&Prime; custom_margin=\u00a0\u00bb|||-8px||\u00a0\u00bb][\/et_pb_button][\/et_pb_column][\/et_pb_row][et_pb_row _builder_version=\u00a0\u00bb4.27.4&Prime; _module_preset=\u00a0\u00bbdefault\u00a0\u00bb custom_padding=\u00a0\u00bb||24px|||\u00a0\u00bb box_shadow_style=\u00a0\u00bbpreset2&Prime; global_colors_info=\u00a0\u00bb{}\u00a0\u00bb][et_pb_column type=\u00a0\u00bb4_4&Prime; _builder_version=\u00a0\u00bb4.27.4&Prime; _module_preset=\u00a0\u00bbdefault\u00a0\u00bb global_colors_info=\u00a0\u00bb{}\u00a0\u00bb][et_pb_text _builder_version=\u00a0\u00bb4.27.4&Prime; _module_preset=\u00a0\u00bbdefault\u00a0\u00bb text_font_size=\u00a0\u00bb22px\u00a0\u00bb header_text_color=\u00a0\u00bb#4C4A55&Prime; text_orientation=\u00a0\u00bbcenter\u00a0\u00bb global_colors_info=\u00a0\u00bb{}\u00a0\u00bb]<\/p>\n<h1 style=\"text-align: center;\"><span style=\"font-weight: 400;\"><\/span>Consultations en naturopathie<\/h1>\n<p>&nbsp;<\/p>\n<p style=\"text-align: center;\"><span style=\"font-weight: 400;\">Bilan de vitalit\u00e9 initial : 70\u20ac (env. 1h15)<\/span><\/p>\n<p style=\"text-align: center;\"><span style=\"font-weight: 400;\">S\u00e9ance de suivi\u00a0: 45\u20ac (45min)<\/span><\/p>\n<p>[\/et_pb_text][et_pb_button button_url=\u00a0\u00bbhttps:\/\/liberlo.com\/profil\/adeline-proquin\/\u00a0\u00bb button_text=\u00a0\u00bbJe prends rendez-vous !\u00a0\u00bb button_alignment=\u00a0\u00bbcenter\u00a0\u00bb _builder_version=\u00a0\u00bb4.27.4&Prime; _module_preset=\u00a0\u00bbdefault\u00a0\u00bb custom_button=\u00a0\u00bbon\u00a0\u00bb button_text_color=\u00a0\u00bb#997A90&Prime; box_shadow_style=\u00a0\u00bbpreset2&Prime; global_colors_info=\u00a0\u00bb{}\u00a0\u00bb][\/et_pb_button][\/et_pb_column][\/et_pb_row][\/et_pb_section]<\/p>\n","protected":false},"excerpt":{"rendered":"<p>&nbsp;Prestations et tarifsOubliez le stress chronique et la fatigue, am\u00e9liorez votre sommeil et votre hygi\u00e8ne de vie &nbsp; D\u00e9couvrez mes prestations adapt\u00e9es \u00e0 vos besoins et offrez-vous une parenth\u00e8se pour prendre soin de vous Programme ZENERGIE\u00a0 Dites adieu au stress chronique, \u00e0 l\u2019irritabilit\u00e9 et aux troubles du sommeil\u00a0 Pour les salari\u00e9s, chefs d&rsquo;entreprises en qu\u00eate [&hellip;]<\/p>\n","protected":false},"author":1,"featured_media":0,"parent":0,"menu_order":0,"comment_status":"closed","ping_status":"closed","template":"","meta":{"_et_pb_use_builder":"on","_et_pb_old_content":"","_et_gb_content_width":"","footnotes":""},"class_list":["post-287","page","type-page","status-publish","hentry"],"yoast_head":"<!-- This site is optimized with the Yoast SEO plugin v26.6 - https:\/\/yoast.com\/wordpress\/plugins\/seo\/ -->\n<title>Prestations et tarifs - Adeline Proquin - Naturopathe<\/title>\n<meta name=\"description\" content=\"D\u00e9couvrez mes prestations pour r\u00e9duire le stress chronique, am\u00e9liorer le sommeil. Programmes sur-mesure pour retrouver votre bien-\u00eatre.\" \/>\n<meta name=\"robots\" content=\"index, follow, max-snippet:-1, max-image-preview:large, max-video-preview:-1\" \/>\n<link rel=\"canonical\" href=\"https:\/\/adeline-proquin-naturopathe.fr\/index.php\/prestations-tarifs-adeline-proquin\/\" \/>\n<meta property=\"og:locale\" content=\"fr_FR\" \/>\n<meta property=\"og:type\" content=\"article\" \/>\n<meta property=\"og:title\" content=\"Prestations et tarifs - Adeline Proquin - Naturopathe\" \/>\n<meta property=\"og:description\" content=\"D\u00e9couvrez mes prestations pour r\u00e9duire le stress chronique, am\u00e9liorer le sommeil. Programmes sur-mesure pour retrouver votre bien-\u00eatre.\" \/>\n<meta property=\"og:url\" content=\"https:\/\/adeline-proquin-naturopathe.fr\/index.php\/prestations-tarifs-adeline-proquin\/\" \/>\n<meta property=\"og:site_name\" content=\"Adeline Proquin - Naturopathe\" \/>\n<meta property=\"article:publisher\" content=\"https:\/\/www.facebook.com\/profile.php?id=61558466216181&amp;sk=followers\" \/>\n<meta property=\"article:modified_time\" content=\"2025-11-28T14:24:43+00:00\" \/>\n<meta name=\"twitter:card\" content=\"summary_large_image\" \/>\n<meta name=\"twitter:label1\" content=\"Dur\u00e9e de lecture estim\u00e9e\" \/>\n\t<meta name=\"twitter:data1\" content=\"2 minutes\" \/>\n<script type=\"application\/ld+json\" class=\"yoast-schema-graph\">{\"@context\":\"https:\/\/schema.org\",\"@graph\":[{\"@type\":\"WebPage\",\"@id\":\"https:\/\/adeline-proquin-naturopathe.fr\/index.php\/prestations-tarifs-adeline-proquin\/\",\"url\":\"https:\/\/adeline-proquin-naturopathe.fr\/index.php\/prestations-tarifs-adeline-proquin\/\",\"name\":\"Prestations et tarifs - Adeline Proquin - Naturopathe\",\"isPartOf\":{\"@id\":\"https:\/\/adeline-proquin-naturopathe.fr\/#website\"},\"datePublished\":\"2025-02-25T16:49:11+00:00\",\"dateModified\":\"2025-11-28T14:24:43+00:00\",\"description\":\"D\u00e9couvrez mes prestations pour r\u00e9duire le stress chronique, am\u00e9liorer le sommeil. Programmes sur-mesure pour retrouver votre bien-\u00eatre.\",\"breadcrumb\":{\"@id\":\"https:\/\/adeline-proquin-naturopathe.fr\/index.php\/prestations-tarifs-adeline-proquin\/#breadcrumb\"},\"inLanguage\":\"fr-FR\",\"potentialAction\":[{\"@type\":\"ReadAction\",\"target\":[\"https:\/\/adeline-proquin-naturopathe.fr\/index.php\/prestations-tarifs-adeline-proquin\/\"]}]},{\"@type\":\"BreadcrumbList\",\"@id\":\"https:\/\/adeline-proquin-naturopathe.fr\/index.php\/prestations-tarifs-adeline-proquin\/#breadcrumb\",\"itemListElement\":[{\"@type\":\"ListItem\",\"position\":1,\"name\":\"Accueil\",\"item\":\"https:\/\/adeline-proquin-naturopathe.fr\/\"},{\"@type\":\"ListItem\",\"position\":2,\"name\":\"Prestations et tarifs\"}]},{\"@type\":\"WebSite\",\"@id\":\"https:\/\/adeline-proquin-naturopathe.fr\/#website\",\"url\":\"https:\/\/adeline-proquin-naturopathe.fr\/\",\"name\":\"Adeline Proquin - Naturopathe\",\"description\":\"Gestion stress\",\"publisher\":{\"@id\":\"https:\/\/adeline-proquin-naturopathe.fr\/#organization\"},\"potentialAction\":[{\"@type\":\"SearchAction\",\"target\":{\"@type\":\"EntryPoint\",\"urlTemplate\":\"https:\/\/adeline-proquin-naturopathe.fr\/?s={search_term_string}\"},\"query-input\":{\"@type\":\"PropertyValueSpecification\",\"valueRequired\":true,\"valueName\":\"search_term_string\"}}],\"inLanguage\":\"fr-FR\"},{\"@type\":\"Organization\",\"@id\":\"https:\/\/adeline-proquin-naturopathe.fr\/#organization\",\"name\":\"Adeline Proquin - Naturopathe\",\"url\":\"https:\/\/adeline-proquin-naturopathe.fr\/\",\"logo\":{\"@type\":\"ImageObject\",\"inLanguage\":\"fr-FR\",\"@id\":\"https:\/\/adeline-proquin-naturopathe.fr\/#\/schema\/logo\/image\/\",\"url\":\"https:\/\/adeline-proquin-naturopathe.fr\/wp-content\/uploads\/2025\/11\/cropped-Logo-fond-blanc.jpg\",\"contentUrl\":\"https:\/\/adeline-proquin-naturopathe.fr\/wp-content\/uploads\/2025\/11\/cropped-Logo-fond-blanc.jpg\",\"width\":512,\"height\":512,\"caption\":\"Adeline Proquin - Naturopathe\"},\"image\":{\"@id\":\"https:\/\/adeline-proquin-naturopathe.fr\/#\/schema\/logo\/image\/\"},\"sameAs\":[\"https:\/\/www.facebook.com\/profile.php?id=61558466216181&sk=followers\",\"https:\/\/www.instagram.com\/adeline_proquin_naturopathe\/\",\"https:\/\/www.linkedin.com\/in\/adeline-proquin-9b664797\/\"]}]}<\/script>\n<!-- \/ Yoast SEO plugin. -->","yoast_head_json":{"title":"Prestations et tarifs - Adeline Proquin - Naturopathe","description":"D\u00e9couvrez mes prestations pour r\u00e9duire le stress chronique, am\u00e9liorer le sommeil. Programmes sur-mesure pour retrouver votre bien-\u00eatre.","robots":{"index":"index","follow":"follow","max-snippet":"max-snippet:-1","max-image-preview":"max-image-preview:large","max-video-preview":"max-video-preview:-1"},"canonical":"https:\/\/adeline-proquin-naturopathe.fr\/index.php\/prestations-tarifs-adeline-proquin\/","og_locale":"fr_FR","og_type":"article","og_title":"Prestations et tarifs - Adeline Proquin - Naturopathe","og_description":"D\u00e9couvrez mes prestations pour r\u00e9duire le stress chronique, am\u00e9liorer le sommeil. Programmes sur-mesure pour retrouver votre bien-\u00eatre.","og_url":"https:\/\/adeline-proquin-naturopathe.fr\/index.php\/prestations-tarifs-adeline-proquin\/","og_site_name":"Adeline Proquin - Naturopathe","article_publisher":"https:\/\/www.facebook.com\/profile.php?id=61558466216181&sk=followers","article_modified_time":"2025-11-28T14:24:43+00:00","twitter_card":"summary_large_image","twitter_misc":{"Dur\u00e9e de lecture estim\u00e9e":"2 minutes"},"schema":{"@context":"https:\/\/schema.org","@graph":[{"@type":"WebPage","@id":"https:\/\/adeline-proquin-naturopathe.fr\/index.php\/prestations-tarifs-adeline-proquin\/","url":"https:\/\/adeline-proquin-naturopathe.fr\/index.php\/prestations-tarifs-adeline-proquin\/","name":"Prestations et tarifs - Adeline Proquin - Naturopathe","isPartOf":{"@id":"https:\/\/adeline-proquin-naturopathe.fr\/#website"},"datePublished":"2025-02-25T16:49:11+00:00","dateModified":"2025-11-28T14:24:43+00:00","description":"D\u00e9couvrez mes prestations pour r\u00e9duire le stress chronique, am\u00e9liorer le sommeil. Programmes sur-mesure pour retrouver votre bien-\u00eatre.","breadcrumb":{"@id":"https:\/\/adeline-proquin-naturopathe.fr\/index.php\/prestations-tarifs-adeline-proquin\/#breadcrumb"},"inLanguage":"fr-FR","potentialAction":[{"@type":"ReadAction","target":["https:\/\/adeline-proquin-naturopathe.fr\/index.php\/prestations-tarifs-adeline-proquin\/"]}]},{"@type":"BreadcrumbList","@id":"https:\/\/adeline-proquin-naturopathe.fr\/index.php\/prestations-tarifs-adeline-proquin\/#breadcrumb","itemListElement":[{"@type":"ListItem","position":1,"name":"Accueil","item":"https:\/\/adeline-proquin-naturopathe.fr\/"},{"@type":"ListItem","position":2,"name":"Prestations et tarifs"}]},{"@type":"WebSite","@id":"https:\/\/adeline-proquin-naturopathe.fr\/#website","url":"https:\/\/adeline-proquin-naturopathe.fr\/","name":"Adeline Proquin - Naturopathe","description":"Gestion stress","publisher":{"@id":"https:\/\/adeline-proquin-naturopathe.fr\/#organization"},"potentialAction":[{"@type":"SearchAction","target":{"@type":"EntryPoint","urlTemplate":"https:\/\/adeline-proquin-naturopathe.fr\/?s={search_term_string}"},"query-input":{"@type":"PropertyValueSpecification","valueRequired":true,"valueName":"search_term_string"}}],"inLanguage":"fr-FR"},{"@type":"Organization","@id":"https:\/\/adeline-proquin-naturopathe.fr\/#organization","name":"Adeline Proquin - Naturopathe","url":"https:\/\/adeline-proquin-naturopathe.fr\/","logo":{"@type":"ImageObject","inLanguage":"fr-FR","@id":"https:\/\/adeline-proquin-naturopathe.fr\/#\/schema\/logo\/image\/","url":"https:\/\/adeline-proquin-naturopathe.fr\/wp-content\/uploads\/2025\/11\/cropped-Logo-fond-blanc.jpg","contentUrl":"https:\/\/adeline-proquin-naturopathe.fr\/wp-content\/uploads\/2025\/11\/cropped-Logo-fond-blanc.jpg","width":512,"height":512,"caption":"Adeline Proquin - Naturopathe"},"image":{"@id":"https:\/\/adeline-proquin-naturopathe.fr\/#\/schema\/logo\/image\/"},"sameAs":["https:\/\/www.facebook.com\/profile.php?id=61558466216181&sk=followers","https:\/\/www.instagram.com\/adeline_proquin_naturopathe\/","https:\/\/www.linkedin.com\/in\/adeline-proquin-9b664797\/"]}]}},"_links":{"self":[{"href":"https:\/\/adeline-proquin-naturopathe.fr\/index.php\/wp-json\/wp\/v2\/pages\/287","targetHints":{"allow":["GET"]}}],"collection":[{"href":"https:\/\/adeline-proquin-naturopathe.fr\/index.php\/wp-json\/wp\/v2\/pages"}],"about":[{"href":"https:\/\/adeline-proquin-naturopathe.fr\/index.php\/wp-json\/wp\/v2\/types\/page"}],"author":[{"embeddable":true,"href":"https:\/\/adeline-proquin-naturopathe.fr\/index.php\/wp-json\/wp\/v2\/users\/1"}],"replies":[{"embeddable":true,"href":"https:\/\/adeline-proquin-naturopathe.fr\/index.php\/wp-json\/wp\/v2\/comments?post=287"}],"version-history":[{"count":33,"href":"https:\/\/adeline-proquin-naturopathe.fr\/index.php\/wp-json\/wp\/v2\/pages\/287\/revisions"}],"predecessor-version":[{"id":756,"href":"https:\/\/adeline-proquin-naturopathe.fr\/index.php\/wp-json\/wp\/v2\/pages\/287\/revisions\/756"}],"wp:attachment":[{"href":"https:\/\/adeline-proquin-naturopathe.fr\/index.php\/wp-json\/wp\/v2\/media?parent=287"}],"curies":[{"name":"wp","href":"https:\/\/api.w.org\/{rel}","templated":true}]}}