{"id":254,"date":"2025-02-25T16:41:38","date_gmt":"2025-02-25T15:41:38","guid":{"rendered":"https:\/\/adeline-proquin-naturopathe.fr\/?page_id=254"},"modified":"2025-11-28T15:18:14","modified_gmt":"2025-11-28T14:18:14","slug":"adeline-proquin-naturopathie","status":"publish","type":"page","link":"https:\/\/adeline-proquin-naturopathe.fr\/index.php\/adeline-proquin-naturopathie\/","title":{"rendered":"La naturopathie"},"content":{"rendered":"<p>[et_pb_section fb_built=\u00a0\u00bb1&Prime; fullwidth=\u00a0\u00bbon\u00a0\u00bb _builder_version=\u00a0\u00bb4.27.4&Prime; _module_preset=\u00a0\u00bbdefault\u00a0\u00bb background_color=\u00a0\u00bb#fffaf4&Prime; background_enable_image=\u00a0\u00bboff\u00a0\u00bb background_size=\u00a0\u00bbcontain\u00a0\u00bb module_alignment_tablet=\u00a0\u00bb\u00a0\u00bb module_alignment_phone=\u00a0\u00bb\u00a0\u00bb module_alignment_last_edited=\u00a0\u00bbon|phone\u00a0\u00bb global_colors_info=\u00a0\u00bb{}\u00a0\u00bb][et_pb_fullwidth_header title=\u00a0\u00bb Se lib\u00e9rer du stress chronique, de la fatigue et des troubles du sommeil. Retrouver \u00e9nergie, \u00e9quilibre et bien-\u00eatre\u00a0\u00bb logo_image_url=\u00a0\u00bbhttps:\/\/adeline-proquin-naturopathe.fr\/wp-content\/uploads\/2025\/11\/Logo-fond-blanc.jpg\u00a0\u00bb subhead_last_edited=\u00a0\u00bboff|desktop\u00a0\u00bb content_last_edited=\u00a0\u00bboff|desktop\u00a0\u00bb _builder_version=\u00a0\u00bb4.27.4&Prime; _module_preset=\u00a0\u00bbdefault\u00a0\u00bb title_font=\u00a0\u00bb|||||on|||\u00a0\u00bb title_text_align=\u00a0\u00bbcenter\u00a0\u00bb title_text_color=\u00a0\u00bb#C4698F\u00a0\u00bb title_font_size=\u00a0\u00bb42px\u00a0\u00bb title_line_height=\u00a0\u00bb1.1em\u00a0\u00bb content_text_color=\u00a0\u00bb#4C4A55&Prime; content_font_size=\u00a0\u00bb18px\u00a0\u00bb subhead_font=\u00a0\u00bb||||||||\u00a0\u00bb subhead_text_align=\u00a0\u00bbright\u00a0\u00bb subhead_text_color=\u00a0\u00bb#C4698F\u00a0\u00bb subhead_font_size=\u00a0\u00bb23px\u00a0\u00bb background_color=\u00a0\u00bbrgba(76,74,85,0.6)\u00a0\u00bb use_background_color_gradient=\u00a0\u00bbon\u00a0\u00bb background_color_gradient_direction=\u00a0\u00bb90deg\u00a0\u00bb background_color_gradient_stops=\u00a0\u00bb#ffffff 0%|rgba(255,255,255,0.54) 100%\u00a0\u00bb background_color_gradient_start=\u00a0\u00bb#ffffff\u00a0\u00bb background_color_gradient_end=\u00a0\u00bbrgba(255,255,255,0.54)\u00a0\u00bb background_enable_image=\u00a0\u00bboff\u00a0\u00bb background_size=\u00a0\u00bbinitial\u00a0\u00bb background_position=\u00a0\u00bbtop_left\u00a0\u00bb background_layout=\u00a0\u00bblight\u00a0\u00bb min_height=\u00a0\u00bb674.7px\u00a0\u00bb custom_margin=\u00a0\u00bb||-277px||false|false\u00a0\u00bb custom_padding=\u00a0\u00bb100px||18px||false|false\u00a0\u00bb title_font_size_tablet=\u00a0\u00bb\u00a0\u00bb title_font_size_phone=\u00a0\u00bb33px\u00a0\u00bb title_font_size_last_edited=\u00a0\u00bbon|desktop\u00a0\u00bb title_line_height_tablet=\u00a0\u00bb\u00a0\u00bb title_line_height_phone=\u00a0\u00bb1.2em\u00a0\u00bb title_line_height_last_edited=\u00a0\u00bbon|phone\u00a0\u00bb content_font_size_tablet=\u00a0\u00bb\u00a0\u00bb content_font_size_phone=\u00a0\u00bb14px\u00a0\u00bb content_font_size_last_edited=\u00a0\u00bbon|phone\u00a0\u00bb background_last_edited=\u00a0\u00bbon|phone\u00a0\u00bb background_image_phone=\u00a0\u00bbhttps:\/\/adeline-proquin-naturopathe.fr\/wp-content\/uploads\/2022\/06\/Landing-smartphone-v2.png\u00a0\u00bb background_enable_image_phone=\u00a0\u00bbon\u00a0\u00bb border_radii_image=\u00a0\u00bbon|100px|100px|100px|100px\u00a0\u00bb global_colors_info=\u00a0\u00bb{}\u00a0\u00bb]<\/p>\n<p style=\"text-align: justify;\"><span style=\"font-weight: 400;\"><\/span><\/p>\n<p>&nbsp;<\/p>\n<p>[\/et_pb_fullwidth_header][\/et_pb_section][et_pb_section fb_built=\u00a0\u00bb1&Prime; _builder_version=\u00a0\u00bb4.27.4&Prime; _module_preset=\u00a0\u00bbdefault\u00a0\u00bb background_color=\u00a0\u00bb#FFFAF4&Prime; global_colors_info=\u00a0\u00bb{}\u00a0\u00bb][et_pb_row _builder_version=\u00a0\u00bb4.27.4&Prime; _module_preset=\u00a0\u00bbdefault\u00a0\u00bb global_colors_info=\u00a0\u00bb{}\u00a0\u00bb][et_pb_column type=\u00a0\u00bb4_4&Prime; _builder_version=\u00a0\u00bb4.27.4&Prime; _module_preset=\u00a0\u00bbdefault\u00a0\u00bb global_colors_info=\u00a0\u00bb{}\u00a0\u00bb][et_pb_text _builder_version=\u00a0\u00bb4.27.4&Prime; _module_preset=\u00a0\u00bbdefault\u00a0\u00bb text_text_color=\u00a0\u00bb#C4698F\u00a0\u00bb text_font_size=\u00a0\u00bb35px\u00a0\u00bb header_text_color=\u00a0\u00bb#C4698F\u00a0\u00bb header_font_size=\u00a0\u00bb50px\u00a0\u00bb custom_margin=\u00a0\u00bb45px||||false|false\u00a0\u00bb global_colors_info=\u00a0\u00bb{}\u00a0\u00bb]<\/p>\n<p style=\"text-align: center;\">\n<p style=\"text-align: center;\">\n<p style=\"text-align: center;\">Qu&rsquo;est-ce que la naturopathie ?<\/p>\n<p>[\/et_pb_text][\/et_pb_column][\/et_pb_row][et_pb_row column_structure=\u00a0\u00bb1_3,2_3&Prime; _builder_version=\u00a0\u00bb4.27.4&Prime; _module_preset=\u00a0\u00bbdefault\u00a0\u00bb custom_padding=\u00a0\u00bb0px||0px|||\u00a0\u00bb global_colors_info=\u00a0\u00bb{}\u00a0\u00bb][et_pb_column type=\u00a0\u00bb1_3&Prime; _builder_version=\u00a0\u00bb4.27.4&Prime; _module_preset=\u00a0\u00bbdefault\u00a0\u00bb global_colors_info=\u00a0\u00bb{}\u00a0\u00bb][et_pb_image src=\u00a0\u00bbhttps:\/\/adeline-proquin-naturopathe.fr\/wp-content\/uploads\/2025\/03\/La-naturopathie.png\u00a0\u00bb alt=\u00a0\u00bbnaturopathe niort gestion stress chronique\u00a0\u00bb title_text=\u00a0\u00bbLa naturopathie\u00a0\u00bb _builder_version=\u00a0\u00bb4.27.4&Prime; _module_preset=\u00a0\u00bbdefault\u00a0\u00bb transform_scale=\u00a0\u00bb70%|70%\u00a0\u00bb border_radii=\u00a0\u00bbon|200px|200px|200px|200px\u00a0\u00bb global_colors_info=\u00a0\u00bb{}\u00a0\u00bb][\/et_pb_image][\/et_pb_column][et_pb_column type=\u00a0\u00bb2_3&Prime; _builder_version=\u00a0\u00bb4.27.4&Prime; _module_preset=\u00a0\u00bbdefault\u00a0\u00bb global_colors_info=\u00a0\u00bb{}\u00a0\u00bb][et_pb_text _builder_version=\u00a0\u00bb4.27.4&Prime; _module_preset=\u00a0\u00bbdefault\u00a0\u00bb text_font_size=\u00a0\u00bb20px\u00a0\u00bb text_line_height=\u00a0\u00bb1.3em\u00a0\u00bb custom_margin=\u00a0\u00bb35px||||false|false\u00a0\u00bb hover_enabled=\u00a0\u00bb0&Prime; global_colors_info=\u00a0\u00bb{}\u00a0\u00bb custom_padding=\u00a0\u00bb0px|||||\u00a0\u00bb sticky_enabled=\u00a0\u00bb0&Prime;]<\/p>\n<p style=\"text-align: justify;\"><span style=\"font-weight: 400;\">La naturopathie est une approche globale qui favorise la pr\u00e9vention et le retour au bien-\u00eatre en utilisant diverses m\u00e9thodes (alimentation, activit\u00e9 physique, gestion du stress et des \u00e9motions, plantes, huiles essentielles,\u2026). <\/span><\/p>\n<p style=\"text-align: justify;\"><span style=\"font-weight: 400;\">La naturopathie c\u2019est croire au potentiel de son organisme et lui donner les moyens de rester en bonne sant\u00e9.\u00a0\u00a0<\/span><\/p>\n<p>[\/et_pb_text][\/et_pb_column][\/et_pb_row][et_pb_row column_structure=\u00a0\u00bb1_3,2_3&Prime; _builder_version=\u00a0\u00bb4.27.4&Prime; _module_preset=\u00a0\u00bbdefault\u00a0\u00bb global_colors_info=\u00a0\u00bb{}\u00a0\u00bb][et_pb_column type=\u00a0\u00bb1_3&Prime; _builder_version=\u00a0\u00bb4.27.4&Prime; _module_preset=\u00a0\u00bbdefault\u00a0\u00bb global_colors_info=\u00a0\u00bb{}\u00a0\u00bb][et_pb_image src=\u00a0\u00bbhttps:\/\/adeline-proquin-naturopathe.fr\/wp-content\/uploads\/2025\/02\/dry-flower-3657043_640-1.jpg\u00a0\u00bb alt=\u00a0\u00bbnaturopathe niort stress chronique\u00a0\u00bb title_text=\u00a0\u00bbdry-flower-3657043_640&Prime; align=\u00a0\u00bbcenter\u00a0\u00bb _builder_version=\u00a0\u00bb4.27.4&Prime; _module_preset=\u00a0\u00bbdefault\u00a0\u00bb height=\u00a0\u00bb255px\u00a0\u00bb border_radii=\u00a0\u00bbon|180px|180px|180px|180px\u00a0\u00bb global_colors_info=\u00a0\u00bb{}\u00a0\u00bb][\/et_pb_image][\/et_pb_column][et_pb_column type=\u00a0\u00bb2_3&Prime; _builder_version=\u00a0\u00bb4.27.4&Prime; _module_preset=\u00a0\u00bbdefault\u00a0\u00bb global_colors_info=\u00a0\u00bb{}\u00a0\u00bb][et_pb_text _builder_version=\u00a0\u00bb4.27.4&Prime; _module_preset=\u00a0\u00bbdefault\u00a0\u00bb text_font_size=\u00a0\u00bb20px\u00a0\u00bb text_line_height=\u00a0\u00bb1.3em\u00a0\u00bb global_colors_info=\u00a0\u00bb{}\u00a0\u00bb]<\/p>\n<p>Les principes fondateurs :<\/p>\n<ul>\n<li><span style=\"font-weight: 400;\">\u00a0Stimuler les capacit\u00e9s du corps<\/span><span style=\"font-weight: 400;\"><\/span><\/li>\n<li style=\"text-align: left;\"><span style=\"font-weight: 400;\">\u00a0Privil\u00e9gier des solutions naturelles et non-invasives<\/span><\/li>\n<li style=\"text-align: left;\"><span style=\"font-weight: 400;\">\u00a0Accompagner la personne vers un mieux-\u00eatre global<\/span><\/li>\n<li style=\"text-align: left;\"><span style=\"font-weight: 400;\">\u00a0Pr\u00e9venir, soulager, apporter du confort et non gu\u00e9rir<\/span><\/li>\n<li style=\"text-align: left;\"><span style=\"font-weight: 400;\">\u00a0Responsabiliser l&rsquo;individu dans sa d\u00e9marche de sant\u00e9<\/span><\/li>\n<\/ul>\n<p>[\/et_pb_text][\/et_pb_column][\/et_pb_row][et_pb_row column_structure=\u00a0\u00bb1_3,2_3&Prime; _builder_version=\u00a0\u00bb4.27.4&Prime; _module_preset=\u00a0\u00bbdefault\u00a0\u00bb global_colors_info=\u00a0\u00bb{}\u00a0\u00bb][et_pb_column type=\u00a0\u00bb1_3&Prime; _builder_version=\u00a0\u00bb4.27.4&Prime; _module_preset=\u00a0\u00bbdefault\u00a0\u00bb global_colors_info=\u00a0\u00bb{}\u00a0\u00bb][et_pb_image src=\u00a0\u00bbhttps:\/\/adeline-proquin-naturopathe.fr\/wp-content\/uploads\/2025\/03\/La-naturopathie-2.png\u00a0\u00bb alt=\u00a0\u00bbnaturopathe niort stress chronique \u00a0\u00bb title_text=\u00a0\u00bbLa naturopathie 2&Prime; align=\u00a0\u00bbcenter\u00a0\u00bb _builder_version=\u00a0\u00bb4.27.4&Prime; _module_preset=\u00a0\u00bbdefault\u00a0\u00bb transform_scale=\u00a0\u00bb120%|120%\u00a0\u00bb height=\u00a0\u00bb219px\u00a0\u00bb custom_margin=\u00a0\u00bb25px||||false|false\u00a0\u00bb custom_padding=\u00a0\u00bb11px|||||\u00a0\u00bb border_radii=\u00a0\u00bbon|200px|200px|200px|200px\u00a0\u00bb global_colors_info=\u00a0\u00bb{}\u00a0\u00bb][\/et_pb_image][\/et_pb_column][et_pb_column type=\u00a0\u00bb2_3&Prime; _builder_version=\u00a0\u00bb4.27.4&Prime; _module_preset=\u00a0\u00bbdefault\u00a0\u00bb global_colors_info=\u00a0\u00bb{}\u00a0\u00bb][et_pb_text _builder_version=\u00a0\u00bb4.27.4&Prime; _module_preset=\u00a0\u00bbdefault\u00a0\u00bb text_font_size=\u00a0\u00bb24px\u00a0\u00bb text_line_height=\u00a0\u00bb1.3em\u00a0\u00bb header_text_color=\u00a0\u00bb#4C4A55&Prime; header_font_size=\u00a0\u00bb20px\u00a0\u00bb header_line_height=\u00a0\u00bb1.3em\u00a0\u00bb custom_padding=\u00a0\u00bb25px||||false|false\u00a0\u00bb global_colors_info=\u00a0\u00bb{}\u00a0\u00bb]<\/p>\n<h1 style=\"text-align: justify;\"><span style=\"font-weight: 400;\">Les habitudes de vie sont souvent ancr\u00e9es mais en r\u00e9alisant des changements simples dans votre routine quotidienne, vous gagnerez, selon vos aspirations, en vitalit\u00e9, en s\u00e9r\u00e9nit\u00e9, en qualit\u00e9 de sommeil, en r\u00e9duction des douleurs ou des troubles digestifs,\u2026 vous retrouverez un \u00e9quilibre global.\u00a0<\/span><\/h1>\n<p><span style=\"font-weight: 400;\"><\/span><\/p>\n<p><span style=\"font-weight: 400;\"><\/span><\/p>\n<p><em><span style=\"font-weight: 400;\">Prenez soin de vous et devenez acteur de votre bien-\u00eatre.<\/span><\/em><\/p>\n<p><span style=\"font-weight: 400;\"><\/span><\/p>\n<p>[\/et_pb_text][\/et_pb_column][\/et_pb_row][\/et_pb_section]<\/p>\n","protected":false},"excerpt":{"rendered":"<p>&nbsp; Qu&rsquo;est-ce que la naturopathie ?La naturopathie est une approche globale qui favorise la pr\u00e9vention et le retour au bien-\u00eatre en utilisant diverses m\u00e9thodes (alimentation, activit\u00e9 physique, gestion du stress et des \u00e9motions, plantes, huiles essentielles,\u2026). La naturopathie c\u2019est croire au potentiel de son organisme et lui donner les moyens de rester en bonne sant\u00e9.\u00a0\u00a0Les [&hellip;]<\/p>\n","protected":false},"author":1,"featured_media":0,"parent":0,"menu_order":0,"comment_status":"closed","ping_status":"closed","template":"","meta":{"_et_pb_use_builder":"on","_et_pb_old_content":"","_et_gb_content_width":"","footnotes":""},"class_list":["post-254","page","type-page","status-publish","hentry"],"yoast_head":"<!-- This site is optimized with the Yoast SEO plugin v26.6 - https:\/\/yoast.com\/wordpress\/plugins\/seo\/ -->\n<title>La naturopathie - Adeline Proquin - Naturopathe<\/title>\n<meta name=\"description\" content=\"Ma vision de la naturopathie : vous donnez les cl\u00e9s pour g\u00e9rer votre stress, gagner en s\u00e9r\u00e9nit\u00e9 et devenir acteur de votre bien-\u00eatre\" \/>\n<meta name=\"robots\" content=\"index, follow, max-snippet:-1, max-image-preview:large, max-video-preview:-1\" \/>\n<link rel=\"canonical\" href=\"https:\/\/adeline-proquin-naturopathe.fr\/index.php\/adeline-proquin-naturopathie\/\" \/>\n<meta property=\"og:locale\" content=\"fr_FR\" \/>\n<meta property=\"og:type\" content=\"article\" \/>\n<meta property=\"og:title\" content=\"La naturopathie - Adeline Proquin - Naturopathe\" \/>\n<meta property=\"og:description\" content=\"Ma vision de la naturopathie : vous donnez les cl\u00e9s pour g\u00e9rer votre stress, gagner en s\u00e9r\u00e9nit\u00e9 et devenir acteur de votre bien-\u00eatre\" \/>\n<meta property=\"og:url\" content=\"https:\/\/adeline-proquin-naturopathe.fr\/index.php\/adeline-proquin-naturopathie\/\" \/>\n<meta property=\"og:site_name\" content=\"Adeline Proquin - Naturopathe\" \/>\n<meta property=\"article:publisher\" content=\"https:\/\/www.facebook.com\/profile.php?id=61558466216181&amp;sk=followers\" \/>\n<meta property=\"article:modified_time\" content=\"2025-11-28T14:18:14+00:00\" \/>\n<meta name=\"twitter:card\" content=\"summary_large_image\" \/>\n<meta name=\"twitter:label1\" content=\"Dur\u00e9e de lecture estim\u00e9e\" \/>\n\t<meta name=\"twitter:data1\" content=\"2 minutes\" \/>\n<script type=\"application\/ld+json\" class=\"yoast-schema-graph\">{\"@context\":\"https:\/\/schema.org\",\"@graph\":[{\"@type\":\"WebPage\",\"@id\":\"https:\/\/adeline-proquin-naturopathe.fr\/index.php\/adeline-proquin-naturopathie\/\",\"url\":\"https:\/\/adeline-proquin-naturopathe.fr\/index.php\/adeline-proquin-naturopathie\/\",\"name\":\"La naturopathie - Adeline Proquin - Naturopathe\",\"isPartOf\":{\"@id\":\"https:\/\/adeline-proquin-naturopathe.fr\/#website\"},\"datePublished\":\"2025-02-25T15:41:38+00:00\",\"dateModified\":\"2025-11-28T14:18:14+00:00\",\"description\":\"Ma vision de la naturopathie : vous donnez les cl\u00e9s pour g\u00e9rer votre stress, gagner en s\u00e9r\u00e9nit\u00e9 et devenir acteur de votre bien-\u00eatre\",\"breadcrumb\":{\"@id\":\"https:\/\/adeline-proquin-naturopathe.fr\/index.php\/adeline-proquin-naturopathie\/#breadcrumb\"},\"inLanguage\":\"fr-FR\",\"potentialAction\":[{\"@type\":\"ReadAction\",\"target\":[\"https:\/\/adeline-proquin-naturopathe.fr\/index.php\/adeline-proquin-naturopathie\/\"]}]},{\"@type\":\"BreadcrumbList\",\"@id\":\"https:\/\/adeline-proquin-naturopathe.fr\/index.php\/adeline-proquin-naturopathie\/#breadcrumb\",\"itemListElement\":[{\"@type\":\"ListItem\",\"position\":1,\"name\":\"Accueil\",\"item\":\"https:\/\/adeline-proquin-naturopathe.fr\/\"},{\"@type\":\"ListItem\",\"position\":2,\"name\":\"La naturopathie\"}]},{\"@type\":\"WebSite\",\"@id\":\"https:\/\/adeline-proquin-naturopathe.fr\/#website\",\"url\":\"https:\/\/adeline-proquin-naturopathe.fr\/\",\"name\":\"Adeline Proquin - Naturopathe\",\"description\":\"Gestion stress\",\"publisher\":{\"@id\":\"https:\/\/adeline-proquin-naturopathe.fr\/#organization\"},\"potentialAction\":[{\"@type\":\"SearchAction\",\"target\":{\"@type\":\"EntryPoint\",\"urlTemplate\":\"https:\/\/adeline-proquin-naturopathe.fr\/?s={search_term_string}\"},\"query-input\":{\"@type\":\"PropertyValueSpecification\",\"valueRequired\":true,\"valueName\":\"search_term_string\"}}],\"inLanguage\":\"fr-FR\"},{\"@type\":\"Organization\",\"@id\":\"https:\/\/adeline-proquin-naturopathe.fr\/#organization\",\"name\":\"Adeline Proquin - Naturopathe\",\"url\":\"https:\/\/adeline-proquin-naturopathe.fr\/\",\"logo\":{\"@type\":\"ImageObject\",\"inLanguage\":\"fr-FR\",\"@id\":\"https:\/\/adeline-proquin-naturopathe.fr\/#\/schema\/logo\/image\/\",\"url\":\"https:\/\/adeline-proquin-naturopathe.fr\/wp-content\/uploads\/2025\/11\/cropped-Logo-fond-blanc.jpg\",\"contentUrl\":\"https:\/\/adeline-proquin-naturopathe.fr\/wp-content\/uploads\/2025\/11\/cropped-Logo-fond-blanc.jpg\",\"width\":512,\"height\":512,\"caption\":\"Adeline Proquin - Naturopathe\"},\"image\":{\"@id\":\"https:\/\/adeline-proquin-naturopathe.fr\/#\/schema\/logo\/image\/\"},\"sameAs\":[\"https:\/\/www.facebook.com\/profile.php?id=61558466216181&sk=followers\",\"https:\/\/www.instagram.com\/adeline_proquin_naturopathe\/\",\"https:\/\/www.linkedin.com\/in\/adeline-proquin-9b664797\/\"]}]}<\/script>\n<!-- \/ Yoast SEO plugin. -->","yoast_head_json":{"title":"La naturopathie - Adeline Proquin - Naturopathe","description":"Ma vision de la naturopathie : vous donnez les cl\u00e9s pour g\u00e9rer votre stress, gagner en s\u00e9r\u00e9nit\u00e9 et devenir acteur de votre bien-\u00eatre","robots":{"index":"index","follow":"follow","max-snippet":"max-snippet:-1","max-image-preview":"max-image-preview:large","max-video-preview":"max-video-preview:-1"},"canonical":"https:\/\/adeline-proquin-naturopathe.fr\/index.php\/adeline-proquin-naturopathie\/","og_locale":"fr_FR","og_type":"article","og_title":"La naturopathie - Adeline Proquin - Naturopathe","og_description":"Ma vision de la naturopathie : vous donnez les cl\u00e9s pour g\u00e9rer votre stress, gagner en s\u00e9r\u00e9nit\u00e9 et devenir acteur de votre bien-\u00eatre","og_url":"https:\/\/adeline-proquin-naturopathe.fr\/index.php\/adeline-proquin-naturopathie\/","og_site_name":"Adeline Proquin - Naturopathe","article_publisher":"https:\/\/www.facebook.com\/profile.php?id=61558466216181&sk=followers","article_modified_time":"2025-11-28T14:18:14+00:00","twitter_card":"summary_large_image","twitter_misc":{"Dur\u00e9e de lecture estim\u00e9e":"2 minutes"},"schema":{"@context":"https:\/\/schema.org","@graph":[{"@type":"WebPage","@id":"https:\/\/adeline-proquin-naturopathe.fr\/index.php\/adeline-proquin-naturopathie\/","url":"https:\/\/adeline-proquin-naturopathe.fr\/index.php\/adeline-proquin-naturopathie\/","name":"La naturopathie - Adeline Proquin - Naturopathe","isPartOf":{"@id":"https:\/\/adeline-proquin-naturopathe.fr\/#website"},"datePublished":"2025-02-25T15:41:38+00:00","dateModified":"2025-11-28T14:18:14+00:00","description":"Ma vision de la naturopathie : vous donnez les cl\u00e9s pour g\u00e9rer votre stress, gagner en s\u00e9r\u00e9nit\u00e9 et devenir acteur de votre bien-\u00eatre","breadcrumb":{"@id":"https:\/\/adeline-proquin-naturopathe.fr\/index.php\/adeline-proquin-naturopathie\/#breadcrumb"},"inLanguage":"fr-FR","potentialAction":[{"@type":"ReadAction","target":["https:\/\/adeline-proquin-naturopathe.fr\/index.php\/adeline-proquin-naturopathie\/"]}]},{"@type":"BreadcrumbList","@id":"https:\/\/adeline-proquin-naturopathe.fr\/index.php\/adeline-proquin-naturopathie\/#breadcrumb","itemListElement":[{"@type":"ListItem","position":1,"name":"Accueil","item":"https:\/\/adeline-proquin-naturopathe.fr\/"},{"@type":"ListItem","position":2,"name":"La naturopathie"}]},{"@type":"WebSite","@id":"https:\/\/adeline-proquin-naturopathe.fr\/#website","url":"https:\/\/adeline-proquin-naturopathe.fr\/","name":"Adeline Proquin - Naturopathe","description":"Gestion stress","publisher":{"@id":"https:\/\/adeline-proquin-naturopathe.fr\/#organization"},"potentialAction":[{"@type":"SearchAction","target":{"@type":"EntryPoint","urlTemplate":"https:\/\/adeline-proquin-naturopathe.fr\/?s={search_term_string}"},"query-input":{"@type":"PropertyValueSpecification","valueRequired":true,"valueName":"search_term_string"}}],"inLanguage":"fr-FR"},{"@type":"Organization","@id":"https:\/\/adeline-proquin-naturopathe.fr\/#organization","name":"Adeline Proquin - Naturopathe","url":"https:\/\/adeline-proquin-naturopathe.fr\/","logo":{"@type":"ImageObject","inLanguage":"fr-FR","@id":"https:\/\/adeline-proquin-naturopathe.fr\/#\/schema\/logo\/image\/","url":"https:\/\/adeline-proquin-naturopathe.fr\/wp-content\/uploads\/2025\/11\/cropped-Logo-fond-blanc.jpg","contentUrl":"https:\/\/adeline-proquin-naturopathe.fr\/wp-content\/uploads\/2025\/11\/cropped-Logo-fond-blanc.jpg","width":512,"height":512,"caption":"Adeline Proquin - Naturopathe"},"image":{"@id":"https:\/\/adeline-proquin-naturopathe.fr\/#\/schema\/logo\/image\/"},"sameAs":["https:\/\/www.facebook.com\/profile.php?id=61558466216181&sk=followers","https:\/\/www.instagram.com\/adeline_proquin_naturopathe\/","https:\/\/www.linkedin.com\/in\/adeline-proquin-9b664797\/"]}]}},"_links":{"self":[{"href":"https:\/\/adeline-proquin-naturopathe.fr\/index.php\/wp-json\/wp\/v2\/pages\/254","targetHints":{"allow":["GET"]}}],"collection":[{"href":"https:\/\/adeline-proquin-naturopathe.fr\/index.php\/wp-json\/wp\/v2\/pages"}],"about":[{"href":"https:\/\/adeline-proquin-naturopathe.fr\/index.php\/wp-json\/wp\/v2\/types\/page"}],"author":[{"embeddable":true,"href":"https:\/\/adeline-proquin-naturopathe.fr\/index.php\/wp-json\/wp\/v2\/users\/1"}],"replies":[{"embeddable":true,"href":"https:\/\/adeline-proquin-naturopathe.fr\/index.php\/wp-json\/wp\/v2\/comments?post=254"}],"version-history":[{"count":20,"href":"https:\/\/adeline-proquin-naturopathe.fr\/index.php\/wp-json\/wp\/v2\/pages\/254\/revisions"}],"predecessor-version":[{"id":755,"href":"https:\/\/adeline-proquin-naturopathe.fr\/index.php\/wp-json\/wp\/v2\/pages\/254\/revisions\/755"}],"wp:attachment":[{"href":"https:\/\/adeline-proquin-naturopathe.fr\/index.php\/wp-json\/wp\/v2\/media?parent=254"}],"curies":[{"name":"wp","href":"https:\/\/api.w.org\/{rel}","templated":true}]}}